{"id":206,"date":"2024-02-26T17:33:58","date_gmt":"2024-02-26T16:33:58","guid":{"rendered":"https:\/\/leman-paris.ms2.decms.eu\/situation\/"},"modified":"2024-04-10T14:48:23","modified_gmt":"2024-04-10T12:48:23","slug":"location","status":"publish","type":"page","link":"https:\/\/www.hotel-leman-opera.fr\/en\/location\/","title":{"rendered":"Location"},"content":{"rendered":"<p>The H\u00f4tel L\u00e9man Op\u00e9ra enjoys a privileged location close to the key areas of the city of Paris: public transport, the financial district, emblematic sites, the best restaurants and boutiques&#8230; making it an ideal starting point for your tourist escapades and also an excellent meeting point for your business meetings.<\/p>\n<p>A famous street in the world of cinema and theatre, rue de Tr\u00e9vise is home to the H\u00f4tel L\u00e9man Op\u00e9ra in an urban setting and lively atmosphere typical of the 9th arrondissement of Paris, thanks to its wealth of cultural, historical, architectural and culinary treasures; a place where you can take full advantage of a profusion of theatres, restaurants, historic buildings and monuments&#8230;<\/p>\n","protected":false},"excerpt":{"rendered":"<p>The H\u00f4tel L\u00e9man Op\u00e9ra enjoys a privileged location close to the key areas of the city of Paris: public transport, the financial district, emblematic sites, the best restaurants and boutiques&#8230; making it an ideal starting point for your tourist escapades and also an excellent meeting point for your business meetings. A famous street in the [&hellip;]<\/p>\n","protected":false},"author":25,"featured_media":0,"parent":0,"menu_order":0,"comment_status":"closed","ping_status":"closed","template":"template-location.php","meta":{"footnotes":""},"yoast_head":"<!-- This site is optimized with the Yoast SEO plugin v22.3 - https:\/\/yoast.com\/wordpress\/plugins\/seo\/ -->\n<title>H\u00f4tel Paris 9 - Proche Gare de l&#039;Est &amp; Saint Lazare| H\u00f4tel L\u00e9man Paris<\/title>\n<meta name=\"description\" content=\"D\u00e9couvrez le charme de l&#039;H\u00f4tel L\u00e9man, 3 \u00e9toiles \u00e0 Paris 9. Dans le quartier Op\u00e9ra, entre la Gare Saint Lazare et la Gare de l&#039;Est, \u00e0 2 pas de Montmartre et des th\u00e9\u00e2tres\" \/>\n<meta name=\"robots\" content=\"index, follow, max-snippet:-1, max-image-preview:large, max-video-preview:-1\" \/>\n<link rel=\"canonical\" href=\"https:\/\/www.hotel-leman-opera.fr\/en\/location\/\" \/>\n<meta property=\"og:locale\" content=\"en_US\" \/>\n<meta property=\"og:type\" content=\"article\" \/>\n<meta property=\"og:title\" content=\"H\u00f4tel Paris 9 - Proche Gare de l&#039;Est &amp; Saint Lazare| H\u00f4tel L\u00e9man Paris\" \/>\n<meta property=\"og:description\" content=\"D\u00e9couvrez le charme de l&#039;H\u00f4tel L\u00e9man, 3 \u00e9toiles \u00e0 Paris 9. Dans le quartier Op\u00e9ra, entre la Gare Saint Lazare et la Gare de l&#039;Est, \u00e0 2 pas de Montmartre et des th\u00e9\u00e2tres\" \/>\n<meta property=\"og:url\" content=\"https:\/\/www.hotel-leman-opera.fr\/en\/location\/\" \/>\n<meta property=\"og:site_name\" content=\"H\u00f4tel L\u00e9man Paris\" \/>\n<meta property=\"article:modified_time\" content=\"2024-04-10T12:48:23+00:00\" \/>\n<meta name=\"twitter:card\" content=\"summary_large_image\" \/>\n<meta name=\"twitter:label1\" content=\"Est. reading time\" \/>\n\t<meta name=\"twitter:data1\" content=\"1 minute\" \/>\n<script type=\"application\/ld+json\" class=\"yoast-schema-graph\">{\"@context\":\"https:\/\/schema.org\",\"@graph\":[{\"@type\":\"WebPage\",\"@id\":\"https:\/\/www.hotel-leman-opera.fr\/en\/location\/\",\"url\":\"https:\/\/www.hotel-leman-opera.fr\/en\/location\/\",\"name\":\"H\u00f4tel Paris 9 - Proche Gare de l'Est & Saint Lazare| H\u00f4tel L\u00e9man Paris\",\"isPartOf\":{\"@id\":\"https:\/\/www.hotel-leman-opera.fr\/en\/#website\"},\"datePublished\":\"2024-02-26T16:33:58+00:00\",\"dateModified\":\"2024-04-10T12:48:23+00:00\",\"description\":\"D\u00e9couvrez le charme de l'H\u00f4tel L\u00e9man, 3 \u00e9toiles \u00e0 Paris 9. Dans le quartier Op\u00e9ra, entre la Gare Saint Lazare et la Gare de l'Est, \u00e0 2 pas de Montmartre et des th\u00e9\u00e2tres\",\"breadcrumb\":{\"@id\":\"https:\/\/www.hotel-leman-opera.fr\/en\/location\/#breadcrumb\"},\"inLanguage\":\"en-US\",\"potentialAction\":[{\"@type\":\"ReadAction\",\"target\":[\"https:\/\/www.hotel-leman-opera.fr\/en\/location\/\"]}]},{\"@type\":\"BreadcrumbList\",\"@id\":\"https:\/\/www.hotel-leman-opera.fr\/en\/location\/#breadcrumb\",\"itemListElement\":[{\"@type\":\"ListItem\",\"position\":1,\"name\":\"Accueil\",\"item\":\"https:\/\/www.hotel-leman-opera.fr\/en\/\"},{\"@type\":\"ListItem\",\"position\":2,\"name\":\"Location\"}]},{\"@type\":\"WebSite\",\"@id\":\"https:\/\/www.hotel-leman-opera.fr\/en\/#website\",\"url\":\"https:\/\/www.hotel-leman-opera.fr\/en\/\",\"name\":\"H\u00f4tel L\u00e9man Paris\",\"description\":\"\",\"potentialAction\":[{\"@type\":\"SearchAction\",\"target\":{\"@type\":\"EntryPoint\",\"urlTemplate\":\"https:\/\/www.hotel-leman-opera.fr\/en\/?s={search_term_string}\"},\"query-input\":\"required name=search_term_string\"}],\"inLanguage\":\"en-US\"}]}<\/script>\n<!-- \/ Yoast SEO plugin. -->","yoast_head_json":{"title":"H\u00f4tel Paris 9 - Proche Gare de l'Est & Saint Lazare| H\u00f4tel L\u00e9man Paris","description":"D\u00e9couvrez le charme de l'H\u00f4tel L\u00e9man, 3 \u00e9toiles \u00e0 Paris 9. Dans le quartier Op\u00e9ra, entre la Gare Saint Lazare et la Gare de l'Est, \u00e0 2 pas de Montmartre et des th\u00e9\u00e2tres","robots":{"index":"index","follow":"follow","max-snippet":"max-snippet:-1","max-image-preview":"max-image-preview:large","max-video-preview":"max-video-preview:-1"},"canonical":"https:\/\/www.hotel-leman-opera.fr\/en\/location\/","og_locale":"en_US","og_type":"article","og_title":"H\u00f4tel Paris 9 - Proche Gare de l'Est & Saint Lazare| H\u00f4tel L\u00e9man Paris","og_description":"D\u00e9couvrez le charme de l'H\u00f4tel L\u00e9man, 3 \u00e9toiles \u00e0 Paris 9. Dans le quartier Op\u00e9ra, entre la Gare Saint Lazare et la Gare de l'Est, \u00e0 2 pas de Montmartre et des th\u00e9\u00e2tres","og_url":"https:\/\/www.hotel-leman-opera.fr\/en\/location\/","og_site_name":"H\u00f4tel L\u00e9man Paris","article_modified_time":"2024-04-10T12:48:23+00:00","twitter_card":"summary_large_image","twitter_misc":{"Est. reading time":"1 minute"},"schema":{"@context":"https:\/\/schema.org","@graph":[{"@type":"WebPage","@id":"https:\/\/www.hotel-leman-opera.fr\/en\/location\/","url":"https:\/\/www.hotel-leman-opera.fr\/en\/location\/","name":"H\u00f4tel Paris 9 - Proche Gare de l'Est & Saint Lazare| H\u00f4tel L\u00e9man Paris","isPartOf":{"@id":"https:\/\/www.hotel-leman-opera.fr\/en\/#website"},"datePublished":"2024-02-26T16:33:58+00:00","dateModified":"2024-04-10T12:48:23+00:00","description":"D\u00e9couvrez le charme de l'H\u00f4tel L\u00e9man, 3 \u00e9toiles \u00e0 Paris 9. Dans le quartier Op\u00e9ra, entre la Gare Saint Lazare et la Gare de l'Est, \u00e0 2 pas de Montmartre et des th\u00e9\u00e2tres","breadcrumb":{"@id":"https:\/\/www.hotel-leman-opera.fr\/en\/location\/#breadcrumb"},"inLanguage":"en-US","potentialAction":[{"@type":"ReadAction","target":["https:\/\/www.hotel-leman-opera.fr\/en\/location\/"]}]},{"@type":"BreadcrumbList","@id":"https:\/\/www.hotel-leman-opera.fr\/en\/location\/#breadcrumb","itemListElement":[{"@type":"ListItem","position":1,"name":"Accueil","item":"https:\/\/www.hotel-leman-opera.fr\/en\/"},{"@type":"ListItem","position":2,"name":"Location"}]},{"@type":"WebSite","@id":"https:\/\/www.hotel-leman-opera.fr\/en\/#website","url":"https:\/\/www.hotel-leman-opera.fr\/en\/","name":"H\u00f4tel L\u00e9man Paris","description":"","potentialAction":[{"@type":"SearchAction","target":{"@type":"EntryPoint","urlTemplate":"https:\/\/www.hotel-leman-opera.fr\/en\/?s={search_term_string}"},"query-input":"required name=search_term_string"}],"inLanguage":"en-US"}]}},"acf":[],"_links":{"self":[{"href":"https:\/\/www.hotel-leman-opera.fr\/en\/wp-json\/wp\/v2\/pages\/206"}],"collection":[{"href":"https:\/\/www.hotel-leman-opera.fr\/en\/wp-json\/wp\/v2\/pages"}],"about":[{"href":"https:\/\/www.hotel-leman-opera.fr\/en\/wp-json\/wp\/v2\/types\/page"}],"author":[{"embeddable":true,"href":"https:\/\/www.hotel-leman-opera.fr\/en\/wp-json\/wp\/v2\/users\/25"}],"replies":[{"embeddable":true,"href":"https:\/\/www.hotel-leman-opera.fr\/en\/wp-json\/wp\/v2\/comments?post=206"}],"version-history":[{"count":0,"href":"https:\/\/www.hotel-leman-opera.fr\/en\/wp-json\/wp\/v2\/pages\/206\/revisions"}],"wp:attachment":[{"href":"https:\/\/www.hotel-leman-opera.fr\/en\/wp-json\/wp\/v2\/media?parent=206"}],"curies":[{"name":"wp","href":"https:\/\/api.w.org\/{rel}","templated":true}]}}