{"id":205,"date":"2024-02-27T10:39:50","date_gmt":"2024-02-27T09:39:50","guid":{"rendered":"https:\/\/leman-paris.ms2.decms.eu\/services\/petit-dejeuner\/"},"modified":"2024-04-10T14:18:20","modified_gmt":"2024-04-10T12:18:20","slug":"breakfast","status":"publish","type":"page","link":"https:\/\/www.hotel-leman-opera.fr\/en\/services\/breakfast\/","title":{"rendered":"Breakfast"},"content":{"rendered":"<p>Set in a rustic space in the shape of a vaulted room, the stone walls simply decorated with small contemporary paintings and the marble floor blend perfectly with the natural colours and clean design of the chairs and tables, bringing freshness and conviviality to the hotel&#8217;s small, atypical breakfast room.<\/p>\n<p>A day full of energy starts with a good full breakfast! Our breakfast includes hot and cold drinks, baguette, pastries, yoghurt, fresh fruit, ham, cheese, jam and spreads&#8230; A typical Parisian atmosphere and decor, with our vaulted room and exposed stonework.<\/p>\n","protected":false},"excerpt":{"rendered":"<p>Set in a rustic space in the shape of a vaulted room, the stone walls simply decorated with small contemporary paintings and the marble floor blend perfectly with the natural colours and clean design of the chairs and tables, bringing freshness and conviviality to the hotel&#8217;s small, atypical breakfast room. A day full of energy [&hellip;]<\/p>\n","protected":false},"author":25,"featured_media":0,"parent":204,"menu_order":0,"comment_status":"closed","ping_status":"closed","template":"template-single-restaurant.php","meta":{"footnotes":""},"class_list":["post-205","page","type-page","status-publish","hentry"],"yoast_head":"<!-- This site is optimized with the Yoast SEO plugin v27.3 - https:\/\/yoast.com\/product\/yoast-seo-wordpress\/ -->\n<title>Petit-d\u00e9jeuner Buffet - Room Service | H\u00f4tel L\u00e9man Op\u00e9ra Paris<\/title>\n<meta name=\"description\" content=\"D\u00e9couvrez le petit-d\u00e9jeuner de l&#039;H\u00f4tel L\u00e9man \u00e0 Paris servi en salle ou en chambre avec le room service. Profitez de tout le charme 3 \u00e9toiles de nos services.\" \/>\n<meta name=\"robots\" content=\"index, follow, max-snippet:-1, max-image-preview:large, max-video-preview:-1\" \/>\n<link rel=\"canonical\" href=\"https:\/\/www.hotel-leman-opera.fr\/en\/services\/breakfast\/\" \/>\n<meta property=\"og:locale\" content=\"en_US\" \/>\n<meta property=\"og:type\" content=\"article\" \/>\n<meta property=\"og:title\" content=\"Petit-d\u00e9jeuner Buffet - Room Service | H\u00f4tel L\u00e9man Op\u00e9ra Paris\" \/>\n<meta property=\"og:description\" content=\"D\u00e9couvrez le petit-d\u00e9jeuner de l&#039;H\u00f4tel L\u00e9man \u00e0 Paris servi en salle ou en chambre avec le room service. Profitez de tout le charme 3 \u00e9toiles de nos services.\" \/>\n<meta property=\"og:url\" content=\"https:\/\/www.hotel-leman-opera.fr\/en\/services\/breakfast\/\" \/>\n<meta property=\"og:site_name\" content=\"H\u00f4tel L\u00e9man Paris\" \/>\n<meta property=\"article:modified_time\" content=\"2024-04-10T12:18:20+00:00\" \/>\n<meta name=\"twitter:card\" content=\"summary_large_image\" \/>\n<meta name=\"twitter:label1\" content=\"Est. reading time\" \/>\n\t<meta name=\"twitter:data1\" content=\"1 minute\" \/>\n<script type=\"application\/ld+json\" class=\"yoast-schema-graph\">{\"@context\":\"https:\\\/\\\/schema.org\",\"@graph\":[{\"@type\":\"WebPage\",\"@id\":\"https:\\\/\\\/www.hotel-leman-opera.fr\\\/en\\\/services\\\/breakfast\\\/\",\"url\":\"https:\\\/\\\/www.hotel-leman-opera.fr\\\/en\\\/services\\\/breakfast\\\/\",\"name\":\"Petit-d\u00e9jeuner Buffet - Room Service | H\u00f4tel L\u00e9man Op\u00e9ra Paris\",\"isPartOf\":{\"@id\":\"https:\\\/\\\/www.hotel-leman-opera.fr\\\/en\\\/#website\"},\"datePublished\":\"2024-02-27T09:39:50+00:00\",\"dateModified\":\"2024-04-10T12:18:20+00:00\",\"description\":\"D\u00e9couvrez le petit-d\u00e9jeuner de l'H\u00f4tel L\u00e9man \u00e0 Paris servi en salle ou en chambre avec le room service. Profitez de tout le charme 3 \u00e9toiles de nos services.\",\"breadcrumb\":{\"@id\":\"https:\\\/\\\/www.hotel-leman-opera.fr\\\/en\\\/services\\\/breakfast\\\/#breadcrumb\"},\"inLanguage\":\"en-US\",\"potentialAction\":[{\"@type\":\"ReadAction\",\"target\":[\"https:\\\/\\\/www.hotel-leman-opera.fr\\\/en\\\/services\\\/breakfast\\\/\"]}]},{\"@type\":\"BreadcrumbList\",\"@id\":\"https:\\\/\\\/www.hotel-leman-opera.fr\\\/en\\\/services\\\/breakfast\\\/#breadcrumb\",\"itemListElement\":[{\"@type\":\"ListItem\",\"position\":1,\"name\":\"Accueil\",\"item\":\"https:\\\/\\\/www.hotel-leman-opera.fr\\\/en\\\/\"},{\"@type\":\"ListItem\",\"position\":2,\"name\":\"Services\",\"item\":\"https:\\\/\\\/www.hotel-leman-opera.fr\\\/en\\\/services\\\/\"},{\"@type\":\"ListItem\",\"position\":3,\"name\":\"Breakfast\"}]},{\"@type\":\"WebSite\",\"@id\":\"https:\\\/\\\/www.hotel-leman-opera.fr\\\/en\\\/#website\",\"url\":\"https:\\\/\\\/www.hotel-leman-opera.fr\\\/en\\\/\",\"name\":\"H\u00f4tel L\u00e9man Paris\",\"description\":\"\",\"potentialAction\":[{\"@type\":\"SearchAction\",\"target\":{\"@type\":\"EntryPoint\",\"urlTemplate\":\"https:\\\/\\\/www.hotel-leman-opera.fr\\\/en\\\/?s={search_term_string}\"},\"query-input\":{\"@type\":\"PropertyValueSpecification\",\"valueRequired\":true,\"valueName\":\"search_term_string\"}}],\"inLanguage\":\"en-US\"}]}<\/script>\n<!-- \/ Yoast SEO plugin. -->","yoast_head_json":{"title":"Petit-d\u00e9jeuner Buffet - Room Service | H\u00f4tel L\u00e9man Op\u00e9ra Paris","description":"D\u00e9couvrez le petit-d\u00e9jeuner de l'H\u00f4tel L\u00e9man \u00e0 Paris servi en salle ou en chambre avec le room service. Profitez de tout le charme 3 \u00e9toiles de nos services.","robots":{"index":"index","follow":"follow","max-snippet":"max-snippet:-1","max-image-preview":"max-image-preview:large","max-video-preview":"max-video-preview:-1"},"canonical":"https:\/\/www.hotel-leman-opera.fr\/en\/services\/breakfast\/","og_locale":"en_US","og_type":"article","og_title":"Petit-d\u00e9jeuner Buffet - Room Service | H\u00f4tel L\u00e9man Op\u00e9ra Paris","og_description":"D\u00e9couvrez le petit-d\u00e9jeuner de l'H\u00f4tel L\u00e9man \u00e0 Paris servi en salle ou en chambre avec le room service. Profitez de tout le charme 3 \u00e9toiles de nos services.","og_url":"https:\/\/www.hotel-leman-opera.fr\/en\/services\/breakfast\/","og_site_name":"H\u00f4tel L\u00e9man Paris","article_modified_time":"2024-04-10T12:18:20+00:00","twitter_card":"summary_large_image","twitter_misc":{"Est. reading time":"1 minute"},"schema":{"@context":"https:\/\/schema.org","@graph":[{"@type":"WebPage","@id":"https:\/\/www.hotel-leman-opera.fr\/en\/services\/breakfast\/","url":"https:\/\/www.hotel-leman-opera.fr\/en\/services\/breakfast\/","name":"Petit-d\u00e9jeuner Buffet - Room Service | H\u00f4tel L\u00e9man Op\u00e9ra Paris","isPartOf":{"@id":"https:\/\/www.hotel-leman-opera.fr\/en\/#website"},"datePublished":"2024-02-27T09:39:50+00:00","dateModified":"2024-04-10T12:18:20+00:00","description":"D\u00e9couvrez le petit-d\u00e9jeuner de l'H\u00f4tel L\u00e9man \u00e0 Paris servi en salle ou en chambre avec le room service. Profitez de tout le charme 3 \u00e9toiles de nos services.","breadcrumb":{"@id":"https:\/\/www.hotel-leman-opera.fr\/en\/services\/breakfast\/#breadcrumb"},"inLanguage":"en-US","potentialAction":[{"@type":"ReadAction","target":["https:\/\/www.hotel-leman-opera.fr\/en\/services\/breakfast\/"]}]},{"@type":"BreadcrumbList","@id":"https:\/\/www.hotel-leman-opera.fr\/en\/services\/breakfast\/#breadcrumb","itemListElement":[{"@type":"ListItem","position":1,"name":"Accueil","item":"https:\/\/www.hotel-leman-opera.fr\/en\/"},{"@type":"ListItem","position":2,"name":"Services","item":"https:\/\/www.hotel-leman-opera.fr\/en\/services\/"},{"@type":"ListItem","position":3,"name":"Breakfast"}]},{"@type":"WebSite","@id":"https:\/\/www.hotel-leman-opera.fr\/en\/#website","url":"https:\/\/www.hotel-leman-opera.fr\/en\/","name":"H\u00f4tel L\u00e9man Paris","description":"","potentialAction":[{"@type":"SearchAction","target":{"@type":"EntryPoint","urlTemplate":"https:\/\/www.hotel-leman-opera.fr\/en\/?s={search_term_string}"},"query-input":{"@type":"PropertyValueSpecification","valueRequired":true,"valueName":"search_term_string"}}],"inLanguage":"en-US"}]}},"acf":[],"_links":{"self":[{"href":"https:\/\/www.hotel-leman-opera.fr\/en\/wp-json\/wp\/v2\/pages\/205","targetHints":{"allow":["GET"]}}],"collection":[{"href":"https:\/\/www.hotel-leman-opera.fr\/en\/wp-json\/wp\/v2\/pages"}],"about":[{"href":"https:\/\/www.hotel-leman-opera.fr\/en\/wp-json\/wp\/v2\/types\/page"}],"author":[{"embeddable":true,"href":"https:\/\/www.hotel-leman-opera.fr\/en\/wp-json\/wp\/v2\/users\/25"}],"replies":[{"embeddable":true,"href":"https:\/\/www.hotel-leman-opera.fr\/en\/wp-json\/wp\/v2\/comments?post=205"}],"version-history":[{"count":0,"href":"https:\/\/www.hotel-leman-opera.fr\/en\/wp-json\/wp\/v2\/pages\/205\/revisions"}],"up":[{"embeddable":true,"href":"https:\/\/www.hotel-leman-opera.fr\/en\/wp-json\/wp\/v2\/pages\/204"}],"wp:attachment":[{"href":"https:\/\/www.hotel-leman-opera.fr\/en\/wp-json\/wp\/v2\/media?parent=205"}],"curies":[{"name":"wp","href":"https:\/\/api.w.org\/{rel}","templated":true}]}}