{"id":204,"date":"2024-02-27T10:41:37","date_gmt":"2024-02-27T09:41:37","guid":{"rendered":"https:\/\/leman-paris.ms2.decms.eu\/services\/"},"modified":"2024-04-10T15:12:00","modified_gmt":"2024-04-10T13:12:00","slug":"services","status":"publish","type":"page","link":"https:\/\/www.hotel-leman-opera.fr\/en\/services\/","title":{"rendered":"Services"},"content":{"rendered":"<p>A young, dynamic and multicultural team will be on hand to welcome you. A personalised welcome 24 hours a day<\/p>\n<p>Our passion for hospitality is passed on, with the pleasure of pleasing YOU!<\/p>\n<p>A concierge service to help you organise a tailor-made stay for an unforgettable and fun-filled time in Paris.<\/p>\n<p>We attach great importance to the quality of our welcome. Our staff take great pleasure in giving you a warm welcome and providing you with the very best personalised service.<\/p>\n<p>Whether you are looking for a romantic, discovery or business stay, the entire H\u00f4tel du L\u00e9man team will adapt to your wishes and needs with a personalised service. Don&#8217;t hesitate to let us know what you want so that your stay is perfect (flowers, champagne, restaurant reservations, excursions, etc.).<\/p>\n<p>For your business stays, a fax\/photocopying service is available free of charge. We can also offer you the use of our breakfast room as a coworking space for your meetings.<\/p>\n","protected":false},"excerpt":{"rendered":"<p>A young, dynamic and multicultural team will be on hand to welcome you. A personalised welcome 24 hours a day Our passion for hospitality is passed on, with the pleasure of pleasing YOU! A concierge service to help you organise a tailor-made stay for an unforgettable and fun-filled time in Paris. We attach great importance [&hellip;]<\/p>\n","protected":false},"author":25,"featured_media":0,"parent":0,"menu_order":0,"comment_status":"closed","ping_status":"closed","template":"template-services.php","meta":{"footnotes":""},"yoast_head":"<!-- This site is optimized with the Yoast SEO plugin v22.3 - https:\/\/yoast.com\/wordpress\/plugins\/seo\/ -->\n<title>H\u00f4tel de charme 3 *** - Services | H\u00f4tel L\u00e9man Op\u00e9ra Paris<\/title>\n<meta name=\"description\" content=\"D\u00e9couvrez les services et \u00e9quipements 3*** de l&#039;H\u00f4tel L\u00e9man Op\u00e9ra \u00e0 Paris. Petit-d\u00e9jeuner, service de conciergerie, wifi, conciergerie et consigne gratuite\" \/>\n<meta name=\"robots\" content=\"index, follow, max-snippet:-1, max-image-preview:large, max-video-preview:-1\" \/>\n<link rel=\"canonical\" href=\"https:\/\/www.hotel-leman-opera.fr\/en\/services\/\" \/>\n<meta property=\"og:locale\" content=\"en_US\" \/>\n<meta property=\"og:type\" content=\"article\" \/>\n<meta property=\"og:title\" content=\"H\u00f4tel de charme 3 *** - Services | H\u00f4tel L\u00e9man Op\u00e9ra Paris\" \/>\n<meta property=\"og:description\" content=\"D\u00e9couvrez les services et \u00e9quipements 3*** de l&#039;H\u00f4tel L\u00e9man Op\u00e9ra \u00e0 Paris. Petit-d\u00e9jeuner, service de conciergerie, wifi, conciergerie et consigne gratuite\" \/>\n<meta property=\"og:url\" content=\"https:\/\/www.hotel-leman-opera.fr\/en\/services\/\" \/>\n<meta property=\"og:site_name\" content=\"H\u00f4tel L\u00e9man Paris\" \/>\n<meta property=\"article:modified_time\" content=\"2024-04-10T13:12:00+00:00\" \/>\n<meta name=\"twitter:card\" content=\"summary_large_image\" \/>\n<meta name=\"twitter:label1\" content=\"Est. reading time\" \/>\n\t<meta name=\"twitter:data1\" content=\"1 minute\" \/>\n<script type=\"application\/ld+json\" class=\"yoast-schema-graph\">{\"@context\":\"https:\/\/schema.org\",\"@graph\":[{\"@type\":\"WebPage\",\"@id\":\"https:\/\/www.hotel-leman-opera.fr\/en\/services\/\",\"url\":\"https:\/\/www.hotel-leman-opera.fr\/en\/services\/\",\"name\":\"H\u00f4tel de charme 3 *** - Services | H\u00f4tel L\u00e9man Op\u00e9ra Paris\",\"isPartOf\":{\"@id\":\"https:\/\/www.hotel-leman-opera.fr\/en\/#website\"},\"datePublished\":\"2024-02-27T09:41:37+00:00\",\"dateModified\":\"2024-04-10T13:12:00+00:00\",\"description\":\"D\u00e9couvrez les services et \u00e9quipements 3*** de l'H\u00f4tel L\u00e9man Op\u00e9ra \u00e0 Paris. Petit-d\u00e9jeuner, service de conciergerie, wifi, conciergerie et consigne gratuite\",\"breadcrumb\":{\"@id\":\"https:\/\/www.hotel-leman-opera.fr\/en\/services\/#breadcrumb\"},\"inLanguage\":\"en-US\",\"potentialAction\":[{\"@type\":\"ReadAction\",\"target\":[\"https:\/\/www.hotel-leman-opera.fr\/en\/services\/\"]}]},{\"@type\":\"BreadcrumbList\",\"@id\":\"https:\/\/www.hotel-leman-opera.fr\/en\/services\/#breadcrumb\",\"itemListElement\":[{\"@type\":\"ListItem\",\"position\":1,\"name\":\"Accueil\",\"item\":\"https:\/\/www.hotel-leman-opera.fr\/en\/\"},{\"@type\":\"ListItem\",\"position\":2,\"name\":\"Services\"}]},{\"@type\":\"WebSite\",\"@id\":\"https:\/\/www.hotel-leman-opera.fr\/en\/#website\",\"url\":\"https:\/\/www.hotel-leman-opera.fr\/en\/\",\"name\":\"H\u00f4tel L\u00e9man Paris\",\"description\":\"\",\"potentialAction\":[{\"@type\":\"SearchAction\",\"target\":{\"@type\":\"EntryPoint\",\"urlTemplate\":\"https:\/\/www.hotel-leman-opera.fr\/en\/?s={search_term_string}\"},\"query-input\":\"required name=search_term_string\"}],\"inLanguage\":\"en-US\"}]}<\/script>\n<!-- \/ Yoast SEO plugin. -->","yoast_head_json":{"title":"H\u00f4tel de charme 3 *** - Services | H\u00f4tel L\u00e9man Op\u00e9ra Paris","description":"D\u00e9couvrez les services et \u00e9quipements 3*** de l'H\u00f4tel L\u00e9man Op\u00e9ra \u00e0 Paris. Petit-d\u00e9jeuner, service de conciergerie, wifi, conciergerie et consigne gratuite","robots":{"index":"index","follow":"follow","max-snippet":"max-snippet:-1","max-image-preview":"max-image-preview:large","max-video-preview":"max-video-preview:-1"},"canonical":"https:\/\/www.hotel-leman-opera.fr\/en\/services\/","og_locale":"en_US","og_type":"article","og_title":"H\u00f4tel de charme 3 *** - Services | H\u00f4tel L\u00e9man Op\u00e9ra Paris","og_description":"D\u00e9couvrez les services et \u00e9quipements 3*** de l'H\u00f4tel L\u00e9man Op\u00e9ra \u00e0 Paris. Petit-d\u00e9jeuner, service de conciergerie, wifi, conciergerie et consigne gratuite","og_url":"https:\/\/www.hotel-leman-opera.fr\/en\/services\/","og_site_name":"H\u00f4tel L\u00e9man Paris","article_modified_time":"2024-04-10T13:12:00+00:00","twitter_card":"summary_large_image","twitter_misc":{"Est. reading time":"1 minute"},"schema":{"@context":"https:\/\/schema.org","@graph":[{"@type":"WebPage","@id":"https:\/\/www.hotel-leman-opera.fr\/en\/services\/","url":"https:\/\/www.hotel-leman-opera.fr\/en\/services\/","name":"H\u00f4tel de charme 3 *** - Services | H\u00f4tel L\u00e9man Op\u00e9ra Paris","isPartOf":{"@id":"https:\/\/www.hotel-leman-opera.fr\/en\/#website"},"datePublished":"2024-02-27T09:41:37+00:00","dateModified":"2024-04-10T13:12:00+00:00","description":"D\u00e9couvrez les services et \u00e9quipements 3*** de l'H\u00f4tel L\u00e9man Op\u00e9ra \u00e0 Paris. Petit-d\u00e9jeuner, service de conciergerie, wifi, conciergerie et consigne gratuite","breadcrumb":{"@id":"https:\/\/www.hotel-leman-opera.fr\/en\/services\/#breadcrumb"},"inLanguage":"en-US","potentialAction":[{"@type":"ReadAction","target":["https:\/\/www.hotel-leman-opera.fr\/en\/services\/"]}]},{"@type":"BreadcrumbList","@id":"https:\/\/www.hotel-leman-opera.fr\/en\/services\/#breadcrumb","itemListElement":[{"@type":"ListItem","position":1,"name":"Accueil","item":"https:\/\/www.hotel-leman-opera.fr\/en\/"},{"@type":"ListItem","position":2,"name":"Services"}]},{"@type":"WebSite","@id":"https:\/\/www.hotel-leman-opera.fr\/en\/#website","url":"https:\/\/www.hotel-leman-opera.fr\/en\/","name":"H\u00f4tel L\u00e9man Paris","description":"","potentialAction":[{"@type":"SearchAction","target":{"@type":"EntryPoint","urlTemplate":"https:\/\/www.hotel-leman-opera.fr\/en\/?s={search_term_string}"},"query-input":"required name=search_term_string"}],"inLanguage":"en-US"}]}},"acf":[],"_links":{"self":[{"href":"https:\/\/www.hotel-leman-opera.fr\/en\/wp-json\/wp\/v2\/pages\/204"}],"collection":[{"href":"https:\/\/www.hotel-leman-opera.fr\/en\/wp-json\/wp\/v2\/pages"}],"about":[{"href":"https:\/\/www.hotel-leman-opera.fr\/en\/wp-json\/wp\/v2\/types\/page"}],"author":[{"embeddable":true,"href":"https:\/\/www.hotel-leman-opera.fr\/en\/wp-json\/wp\/v2\/users\/25"}],"replies":[{"embeddable":true,"href":"https:\/\/www.hotel-leman-opera.fr\/en\/wp-json\/wp\/v2\/comments?post=204"}],"version-history":[{"count":0,"href":"https:\/\/www.hotel-leman-opera.fr\/en\/wp-json\/wp\/v2\/pages\/204\/revisions"}],"wp:attachment":[{"href":"https:\/\/www.hotel-leman-opera.fr\/en\/wp-json\/wp\/v2\/media?parent=204"}],"curies":[{"name":"wp","href":"https:\/\/api.w.org\/{rel}","templated":true}]}}