{"id":200,"date":"2024-02-21T18:56:42","date_gmt":"2024-02-21T17:56:42","guid":{"rendered":"https:\/\/leman-paris.ms2.decms.eu\/mentions-legales\/"},"modified":"2024-04-10T14:25:25","modified_gmt":"2024-04-10T12:25:25","slug":"legal-notice","status":"publish","type":"page","link":"https:\/\/www.hotel-leman-opera.fr\/en\/legal-notice\/","title":{"rendered":"Legal Notice"},"content":{"rendered":"<p>HOTEL L\u00c9MAN OPERA PARIS<br \/>\nPhone: +33 1 42 46 50 66<br \/>\nAddress: 20, rue de Tr\u00e9vise \u2013 75009 Paris France<br \/>\nSiret: 33335378700018<br \/>\nRCS: B 333353787<br \/>\nIntracommunity VAT: FR 06333353787<br \/>\nNAF code: 5510Z<\/p>\n<p><strong>Design &amp; Creation of the site:<\/strong><br \/>\n<a href=\"https:\/\/www.d-edge.com\/\" target=\"_blank\" rel=\"noopener noreferrer\">D-EDGE<\/a> &#8211; D-EDGE SAS<br \/>\n64-66 Rue des Archives &#8211; 75003 Paris \u2013 France<br \/>\n+33(0)1 44 71 04 35<\/p>\n<p><strong>Accommodation:<\/strong><br \/>\nWPEngine, Inc.<br \/>\nIrongate House, 22-30 Duke\u2019s Place<br \/>\nLondon, EC3A 7LP, United Kingdom<br \/>\nPhone: 08 00 50 53 049<\/p>\n<p><strong>Mediation:<\/strong><br \/>\nAfter contacting our Customer Service, and in the absence of a satisfactory response within sixty (60) days, you can contact the Tourism and Travel Mediator by e-mail via the referral form available on the website www.mtv .travel<\/p>\n<p><strong>Conditions of sale:<\/strong><br \/>\nThe customer is reminded, in accordance with article L. 121-21-8 12\u00b0 of the Consumer Code, that he does not have the right of withdrawal provided for in article L. 121-21 of the Consumer Code. consumption. The Conditions of Sale of the reserved rate specify the terms of cancellation and\/or modification of the reservation.<\/p>\n","protected":false},"excerpt":{"rendered":"<p>HOTEL L\u00c9MAN OPERA PARIS Phone: +33 1 42 46 50 66 Address: 20, rue de Tr\u00e9vise \u2013 75009 Paris France Siret: 33335378700018 RCS: B 333353787 Intracommunity VAT: FR 06333353787 NAF code: 5510Z Design &amp; Creation of the site: D-EDGE &#8211; D-EDGE SAS 64-66 Rue des Archives &#8211; 75003 Paris \u2013 France +33(0)1 44 71 04 [&hellip;]<\/p>\n","protected":false},"author":25,"featured_media":0,"parent":0,"menu_order":0,"comment_status":"closed","ping_status":"closed","template":"","meta":{"footnotes":""},"yoast_head":"<!-- This site is optimized with the Yoast SEO plugin v22.3 - https:\/\/yoast.com\/wordpress\/plugins\/seo\/ -->\n<title>H\u00f4tel de charme 3 *** - Mentions l\u00e9gales | H\u00f4tel L\u00e9man Op\u00e9ra Paris<\/title>\n<meta name=\"description\" content=\"Retrouvez ici les Mentions l\u00e9gales de l&#039;H\u00f4tel L\u00e9man Op\u00e9ra \u00e0 Paris 9\" \/>\n<meta name=\"robots\" content=\"index, follow, max-snippet:-1, max-image-preview:large, max-video-preview:-1\" \/>\n<link rel=\"canonical\" href=\"https:\/\/www.hotel-leman-opera.fr\/en\/legal-notice\/\" \/>\n<meta property=\"og:locale\" content=\"en_US\" \/>\n<meta property=\"og:type\" content=\"article\" \/>\n<meta property=\"og:title\" content=\"H\u00f4tel de charme 3 *** - Mentions l\u00e9gales | H\u00f4tel L\u00e9man Op\u00e9ra Paris\" \/>\n<meta property=\"og:description\" content=\"Retrouvez ici les Mentions l\u00e9gales de l&#039;H\u00f4tel L\u00e9man Op\u00e9ra \u00e0 Paris 9\" \/>\n<meta property=\"og:url\" content=\"https:\/\/www.hotel-leman-opera.fr\/en\/legal-notice\/\" \/>\n<meta property=\"og:site_name\" content=\"H\u00f4tel L\u00e9man Paris\" \/>\n<meta property=\"article:modified_time\" content=\"2024-04-10T12:25:25+00:00\" \/>\n<meta name=\"twitter:card\" content=\"summary_large_image\" \/>\n<meta name=\"twitter:label1\" content=\"Est. reading time\" \/>\n\t<meta name=\"twitter:data1\" content=\"1 minute\" \/>\n<script type=\"application\/ld+json\" class=\"yoast-schema-graph\">{\"@context\":\"https:\/\/schema.org\",\"@graph\":[{\"@type\":\"WebPage\",\"@id\":\"https:\/\/www.hotel-leman-opera.fr\/en\/legal-notice\/\",\"url\":\"https:\/\/www.hotel-leman-opera.fr\/en\/legal-notice\/\",\"name\":\"H\u00f4tel de charme 3 *** - Mentions l\u00e9gales | H\u00f4tel L\u00e9man Op\u00e9ra Paris\",\"isPartOf\":{\"@id\":\"https:\/\/www.hotel-leman-opera.fr\/en\/#website\"},\"datePublished\":\"2024-02-21T17:56:42+00:00\",\"dateModified\":\"2024-04-10T12:25:25+00:00\",\"description\":\"Retrouvez ici les Mentions l\u00e9gales de l'H\u00f4tel L\u00e9man Op\u00e9ra \u00e0 Paris 9\",\"breadcrumb\":{\"@id\":\"https:\/\/www.hotel-leman-opera.fr\/en\/legal-notice\/#breadcrumb\"},\"inLanguage\":\"en-US\",\"potentialAction\":[{\"@type\":\"ReadAction\",\"target\":[\"https:\/\/www.hotel-leman-opera.fr\/en\/legal-notice\/\"]}]},{\"@type\":\"BreadcrumbList\",\"@id\":\"https:\/\/www.hotel-leman-opera.fr\/en\/legal-notice\/#breadcrumb\",\"itemListElement\":[{\"@type\":\"ListItem\",\"position\":1,\"name\":\"Accueil\",\"item\":\"https:\/\/www.hotel-leman-opera.fr\/en\/\"},{\"@type\":\"ListItem\",\"position\":2,\"name\":\"Legal Notice\"}]},{\"@type\":\"WebSite\",\"@id\":\"https:\/\/www.hotel-leman-opera.fr\/en\/#website\",\"url\":\"https:\/\/www.hotel-leman-opera.fr\/en\/\",\"name\":\"H\u00f4tel L\u00e9man Paris\",\"description\":\"\",\"potentialAction\":[{\"@type\":\"SearchAction\",\"target\":{\"@type\":\"EntryPoint\",\"urlTemplate\":\"https:\/\/www.hotel-leman-opera.fr\/en\/?s={search_term_string}\"},\"query-input\":\"required name=search_term_string\"}],\"inLanguage\":\"en-US\"}]}<\/script>\n<!-- \/ Yoast SEO plugin. -->","yoast_head_json":{"title":"H\u00f4tel de charme 3 *** - Mentions l\u00e9gales | H\u00f4tel L\u00e9man Op\u00e9ra Paris","description":"Retrouvez ici les Mentions l\u00e9gales de l'H\u00f4tel L\u00e9man Op\u00e9ra \u00e0 Paris 9","robots":{"index":"index","follow":"follow","max-snippet":"max-snippet:-1","max-image-preview":"max-image-preview:large","max-video-preview":"max-video-preview:-1"},"canonical":"https:\/\/www.hotel-leman-opera.fr\/en\/legal-notice\/","og_locale":"en_US","og_type":"article","og_title":"H\u00f4tel de charme 3 *** - Mentions l\u00e9gales | H\u00f4tel L\u00e9man Op\u00e9ra Paris","og_description":"Retrouvez ici les Mentions l\u00e9gales de l'H\u00f4tel L\u00e9man Op\u00e9ra \u00e0 Paris 9","og_url":"https:\/\/www.hotel-leman-opera.fr\/en\/legal-notice\/","og_site_name":"H\u00f4tel L\u00e9man Paris","article_modified_time":"2024-04-10T12:25:25+00:00","twitter_card":"summary_large_image","twitter_misc":{"Est. reading time":"1 minute"},"schema":{"@context":"https:\/\/schema.org","@graph":[{"@type":"WebPage","@id":"https:\/\/www.hotel-leman-opera.fr\/en\/legal-notice\/","url":"https:\/\/www.hotel-leman-opera.fr\/en\/legal-notice\/","name":"H\u00f4tel de charme 3 *** - Mentions l\u00e9gales | H\u00f4tel L\u00e9man Op\u00e9ra Paris","isPartOf":{"@id":"https:\/\/www.hotel-leman-opera.fr\/en\/#website"},"datePublished":"2024-02-21T17:56:42+00:00","dateModified":"2024-04-10T12:25:25+00:00","description":"Retrouvez ici les Mentions l\u00e9gales de l'H\u00f4tel L\u00e9man Op\u00e9ra \u00e0 Paris 9","breadcrumb":{"@id":"https:\/\/www.hotel-leman-opera.fr\/en\/legal-notice\/#breadcrumb"},"inLanguage":"en-US","potentialAction":[{"@type":"ReadAction","target":["https:\/\/www.hotel-leman-opera.fr\/en\/legal-notice\/"]}]},{"@type":"BreadcrumbList","@id":"https:\/\/www.hotel-leman-opera.fr\/en\/legal-notice\/#breadcrumb","itemListElement":[{"@type":"ListItem","position":1,"name":"Accueil","item":"https:\/\/www.hotel-leman-opera.fr\/en\/"},{"@type":"ListItem","position":2,"name":"Legal Notice"}]},{"@type":"WebSite","@id":"https:\/\/www.hotel-leman-opera.fr\/en\/#website","url":"https:\/\/www.hotel-leman-opera.fr\/en\/","name":"H\u00f4tel L\u00e9man Paris","description":"","potentialAction":[{"@type":"SearchAction","target":{"@type":"EntryPoint","urlTemplate":"https:\/\/www.hotel-leman-opera.fr\/en\/?s={search_term_string}"},"query-input":"required name=search_term_string"}],"inLanguage":"en-US"}]}},"acf":[],"_links":{"self":[{"href":"https:\/\/www.hotel-leman-opera.fr\/en\/wp-json\/wp\/v2\/pages\/200"}],"collection":[{"href":"https:\/\/www.hotel-leman-opera.fr\/en\/wp-json\/wp\/v2\/pages"}],"about":[{"href":"https:\/\/www.hotel-leman-opera.fr\/en\/wp-json\/wp\/v2\/types\/page"}],"author":[{"embeddable":true,"href":"https:\/\/www.hotel-leman-opera.fr\/en\/wp-json\/wp\/v2\/users\/25"}],"replies":[{"embeddable":true,"href":"https:\/\/www.hotel-leman-opera.fr\/en\/wp-json\/wp\/v2\/comments?post=200"}],"version-history":[{"count":0,"href":"https:\/\/www.hotel-leman-opera.fr\/en\/wp-json\/wp\/v2\/pages\/200\/revisions"}],"wp:attachment":[{"href":"https:\/\/www.hotel-leman-opera.fr\/en\/wp-json\/wp\/v2\/media?parent=200"}],"curies":[{"name":"wp","href":"https:\/\/api.w.org\/{rel}","templated":true}]}}