{"id":199,"date":"2024-02-26T17:35:43","date_gmt":"2024-02-26T16:35:43","guid":{"rendered":"https:\/\/leman-paris.ms2.decms.eu\/hotel-leman-3-etoiles-charme-paris\/"},"modified":"2024-04-10T15:19:21","modified_gmt":"2024-04-10T13:19:21","slug":"hotel-leman-3-etoiles-charme-paris","status":"publish","type":"page","link":"https:\/\/www.hotel-leman-opera.fr\/en\/","title":{"rendered":"Charming hotel *** in Paris"},"content":{"rendered":"<p style=\"text-align: center;\"><strong>A stone&#8217;s throw from the famous Op\u00e9ra Garnier<\/strong><\/p>\n<p>If you&#8217;re looking for a room where comfort, practicality and calm are paramount, you&#8217;ve come to the right place, as we make these our priorities at our charming *** hotel in Paris.<br \/>\nYou&#8217;ll also benefit from our many services, including 24-hour reception, a concierge service, a small designer lounge, an original breakfast room, WiFi throughout the hotel, a car park, etc.<\/p>\n<p>In a street famous in the world of cinema and theatre, rue de Tr\u00e9vise welcomes the H\u00f4tel L\u00e9man Op\u00e9ra in an urban setting and a lively atmosphere, typical of the 9th arrondissement of Paris, thanks to its wealth (cultural, historical, architectural and culinary); a place where you can take full advantage of a profusion of theatres, restaurants, historic buildings and monuments, etc&#8230;<\/p>\n","protected":false},"excerpt":{"rendered":"<p>A stone&#8217;s throw from the famous Op\u00e9ra Garnier If you&#8217;re looking for a room where comfort, practicality and calm are paramount, you&#8217;ve come to the right place, as we make these our priorities at our charming *** hotel in Paris. You&#8217;ll also benefit from our many services, including 24-hour reception, a concierge service, a small [&hellip;]<\/p>\n","protected":false},"author":25,"featured_media":0,"parent":0,"menu_order":0,"comment_status":"closed","ping_status":"closed","template":"","meta":{"footnotes":""},"class_list":["post-199","page","type-page","status-publish","hentry"],"yoast_head":"<!-- This site is optimized with the Yoast SEO plugin v27.3 - https:\/\/yoast.com\/product\/yoast-seo-wordpress\/ -->\n<title>H\u00f4tel de charme 3 \u00e9toiles Paris | H\u00f4tel L\u00e9man Op\u00e9ra<\/title>\n<meta name=\"description\" content=\"D\u00e9couvrez le charme 3 \u00e9toiles de l&#039;H\u00f4tel L\u00e9man \u00e0 Paris 9\u00e8me. Proche d&#039;Op\u00e9ra et Haussmann, des gares de l&#039;Est et Saint-Lazare, des th\u00e9\u00e2tres et du centre de la capitale\" \/>\n<meta name=\"robots\" content=\"index, follow, max-snippet:-1, max-image-preview:large, max-video-preview:-1\" \/>\n<link rel=\"canonical\" href=\"https:\/\/www.hotel-leman-opera.fr\/en\/\" \/>\n<meta property=\"og:locale\" content=\"en_US\" \/>\n<meta property=\"og:type\" content=\"article\" \/>\n<meta property=\"og:title\" content=\"H\u00f4tel de charme 3 \u00e9toiles Paris | H\u00f4tel L\u00e9man Op\u00e9ra\" \/>\n<meta property=\"og:description\" content=\"D\u00e9couvrez le charme 3 \u00e9toiles de l&#039;H\u00f4tel L\u00e9man \u00e0 Paris 9\u00e8me. Proche d&#039;Op\u00e9ra et Haussmann, des gares de l&#039;Est et Saint-Lazare, des th\u00e9\u00e2tres et du centre de la capitale\" \/>\n<meta property=\"og:url\" content=\"https:\/\/www.hotel-leman-opera.fr\/en\/\" \/>\n<meta property=\"og:site_name\" content=\"H\u00f4tel L\u00e9man Paris\" \/>\n<meta property=\"article:modified_time\" content=\"2024-04-10T13:19:21+00:00\" \/>\n<meta name=\"twitter:card\" content=\"summary_large_image\" \/>\n<meta name=\"twitter:label1\" content=\"Est. reading time\" \/>\n\t<meta name=\"twitter:data1\" content=\"1 minute\" \/>\n<script type=\"application\/ld+json\" class=\"yoast-schema-graph\">{\"@context\":\"https:\\\/\\\/schema.org\",\"@graph\":[{\"@type\":\"WebPage\",\"@id\":\"https:\\\/\\\/www.hotel-leman-opera.fr\\\/en\\\/\",\"url\":\"https:\\\/\\\/www.hotel-leman-opera.fr\\\/en\\\/\",\"name\":\"H\u00f4tel de charme 3 \u00e9toiles Paris | H\u00f4tel L\u00e9man Op\u00e9ra\",\"isPartOf\":{\"@id\":\"https:\\\/\\\/www.hotel-leman-opera.fr\\\/en\\\/#website\"},\"datePublished\":\"2024-02-26T16:35:43+00:00\",\"dateModified\":\"2024-04-10T13:19:21+00:00\",\"description\":\"D\u00e9couvrez le charme 3 \u00e9toiles de l'H\u00f4tel L\u00e9man \u00e0 Paris 9\u00e8me. Proche d'Op\u00e9ra et Haussmann, des gares de l'Est et Saint-Lazare, des th\u00e9\u00e2tres et du centre de la capitale\",\"breadcrumb\":{\"@id\":\"https:\\\/\\\/www.hotel-leman-opera.fr\\\/en\\\/#breadcrumb\"},\"inLanguage\":\"en-US\",\"potentialAction\":[{\"@type\":\"ReadAction\",\"target\":[\"https:\\\/\\\/www.hotel-leman-opera.fr\\\/en\\\/\"]}]},{\"@type\":\"BreadcrumbList\",\"@id\":\"https:\\\/\\\/www.hotel-leman-opera.fr\\\/en\\\/#breadcrumb\",\"itemListElement\":[{\"@type\":\"ListItem\",\"position\":1,\"name\":\"Accueil\",\"item\":\"https:\\\/\\\/www.hotel-leman-opera.fr\\\/en\\\/\"},{\"@type\":\"ListItem\",\"position\":2,\"name\":\"Charming hotel *** in Paris\"}]},{\"@type\":\"WebSite\",\"@id\":\"https:\\\/\\\/www.hotel-leman-opera.fr\\\/en\\\/#website\",\"url\":\"https:\\\/\\\/www.hotel-leman-opera.fr\\\/en\\\/\",\"name\":\"H\u00f4tel L\u00e9man Paris\",\"description\":\"\",\"potentialAction\":[{\"@type\":\"SearchAction\",\"target\":{\"@type\":\"EntryPoint\",\"urlTemplate\":\"https:\\\/\\\/www.hotel-leman-opera.fr\\\/en\\\/?s={search_term_string}\"},\"query-input\":{\"@type\":\"PropertyValueSpecification\",\"valueRequired\":true,\"valueName\":\"search_term_string\"}}],\"inLanguage\":\"en-US\"}]}<\/script>\n<!-- \/ Yoast SEO plugin. -->","yoast_head_json":{"title":"H\u00f4tel de charme 3 \u00e9toiles Paris | H\u00f4tel L\u00e9man Op\u00e9ra","description":"D\u00e9couvrez le charme 3 \u00e9toiles de l'H\u00f4tel L\u00e9man \u00e0 Paris 9\u00e8me. Proche d'Op\u00e9ra et Haussmann, des gares de l'Est et Saint-Lazare, des th\u00e9\u00e2tres et du centre de la capitale","robots":{"index":"index","follow":"follow","max-snippet":"max-snippet:-1","max-image-preview":"max-image-preview:large","max-video-preview":"max-video-preview:-1"},"canonical":"https:\/\/www.hotel-leman-opera.fr\/en\/","og_locale":"en_US","og_type":"article","og_title":"H\u00f4tel de charme 3 \u00e9toiles Paris | H\u00f4tel L\u00e9man Op\u00e9ra","og_description":"D\u00e9couvrez le charme 3 \u00e9toiles de l'H\u00f4tel L\u00e9man \u00e0 Paris 9\u00e8me. Proche d'Op\u00e9ra et Haussmann, des gares de l'Est et Saint-Lazare, des th\u00e9\u00e2tres et du centre de la capitale","og_url":"https:\/\/www.hotel-leman-opera.fr\/en\/","og_site_name":"H\u00f4tel L\u00e9man Paris","article_modified_time":"2024-04-10T13:19:21+00:00","twitter_card":"summary_large_image","twitter_misc":{"Est. reading time":"1 minute"},"schema":{"@context":"https:\/\/schema.org","@graph":[{"@type":"WebPage","@id":"https:\/\/www.hotel-leman-opera.fr\/en\/","url":"https:\/\/www.hotel-leman-opera.fr\/en\/","name":"H\u00f4tel de charme 3 \u00e9toiles Paris | H\u00f4tel L\u00e9man Op\u00e9ra","isPartOf":{"@id":"https:\/\/www.hotel-leman-opera.fr\/en\/#website"},"datePublished":"2024-02-26T16:35:43+00:00","dateModified":"2024-04-10T13:19:21+00:00","description":"D\u00e9couvrez le charme 3 \u00e9toiles de l'H\u00f4tel L\u00e9man \u00e0 Paris 9\u00e8me. Proche d'Op\u00e9ra et Haussmann, des gares de l'Est et Saint-Lazare, des th\u00e9\u00e2tres et du centre de la capitale","breadcrumb":{"@id":"https:\/\/www.hotel-leman-opera.fr\/en\/#breadcrumb"},"inLanguage":"en-US","potentialAction":[{"@type":"ReadAction","target":["https:\/\/www.hotel-leman-opera.fr\/en\/"]}]},{"@type":"BreadcrumbList","@id":"https:\/\/www.hotel-leman-opera.fr\/en\/#breadcrumb","itemListElement":[{"@type":"ListItem","position":1,"name":"Accueil","item":"https:\/\/www.hotel-leman-opera.fr\/en\/"},{"@type":"ListItem","position":2,"name":"Charming hotel *** in Paris"}]},{"@type":"WebSite","@id":"https:\/\/www.hotel-leman-opera.fr\/en\/#website","url":"https:\/\/www.hotel-leman-opera.fr\/en\/","name":"H\u00f4tel L\u00e9man Paris","description":"","potentialAction":[{"@type":"SearchAction","target":{"@type":"EntryPoint","urlTemplate":"https:\/\/www.hotel-leman-opera.fr\/en\/?s={search_term_string}"},"query-input":{"@type":"PropertyValueSpecification","valueRequired":true,"valueName":"search_term_string"}}],"inLanguage":"en-US"}]}},"acf":[],"_links":{"self":[{"href":"https:\/\/www.hotel-leman-opera.fr\/en\/wp-json\/wp\/v2\/pages\/199","targetHints":{"allow":["GET"]}}],"collection":[{"href":"https:\/\/www.hotel-leman-opera.fr\/en\/wp-json\/wp\/v2\/pages"}],"about":[{"href":"https:\/\/www.hotel-leman-opera.fr\/en\/wp-json\/wp\/v2\/types\/page"}],"author":[{"embeddable":true,"href":"https:\/\/www.hotel-leman-opera.fr\/en\/wp-json\/wp\/v2\/users\/25"}],"replies":[{"embeddable":true,"href":"https:\/\/www.hotel-leman-opera.fr\/en\/wp-json\/wp\/v2\/comments?post=199"}],"version-history":[{"count":0,"href":"https:\/\/www.hotel-leman-opera.fr\/en\/wp-json\/wp\/v2\/pages\/199\/revisions"}],"wp:attachment":[{"href":"https:\/\/www.hotel-leman-opera.fr\/en\/wp-json\/wp\/v2\/media?parent=199"}],"curies":[{"name":"wp","href":"https:\/\/api.w.org\/{rel}","templated":true}]}}