{"id":189,"date":"2024-02-26T17:38:01","date_gmt":"2024-02-26T16:38:01","guid":{"rendered":"https:\/\/leman-paris.ms2.decms.eu\/chambres-hotel-3-etoiles-paris\/"},"modified":"2024-04-10T14:46:08","modified_gmt":"2024-04-10T12:46:08","slug":"rooms-hotel-3-stars-paris","status":"publish","type":"page","link":"https:\/\/www.hotel-leman-opera.fr\/en\/rooms-hotel-3-stars-paris\/","title":{"rendered":"Rooms"},"content":{"rendered":"<p>24 cosy rooms, including 1 adapted for people with reduced mobility (PRM), all with en suite shower or bath. Quality bedding to help you recharge your batteries.<\/p>\n<p>If you&#8217;re looking for a room that&#8217;s comfortable, functional and calm, you&#8217;ve come to the right place, because we make these our priorities. You&#8217;ll also benefit from our many services, including 24-hour reception, a concierge service, a small designer lounge, an original breakfast room and WiFi throughout the hotel.<\/p>\n","protected":false},"excerpt":{"rendered":"<p>24 cosy rooms, including 1 adapted for people with reduced mobility (PRM), all with en suite shower or bath. Quality bedding to help you recharge your batteries. If you&#8217;re looking for a room that&#8217;s comfortable, functional and calm, you&#8217;ve come to the right place, because we make these our priorities. You&#8217;ll also benefit from our [&hellip;]<\/p>\n","protected":false},"author":25,"featured_media":0,"parent":0,"menu_order":0,"comment_status":"closed","ping_status":"closed","template":"template-rooms.php","meta":{"footnotes":""},"yoast_head":"<!-- This site is optimized with the Yoast SEO plugin v22.3 - https:\/\/yoast.com\/wordpress\/plugins\/seo\/ -->\n<title>R\u00e9servation h\u00f4tel de charme - Chambres 3*** | H\u00f4tel L\u00e9man Op\u00e9ra<\/title>\n<meta name=\"description\" content=\"D\u00e9couvrez les Chambres doubles &amp; Twin, Standard et Sup\u00e9rieure de l&#039;H\u00f4tel L\u00e9man Op\u00e9ra \u00e0 Paris. Id\u00e9ales seul ou \u00e0 2, pour les loisirs ou un s\u00e9jour professionnel\" \/>\n<meta name=\"robots\" content=\"index, follow, max-snippet:-1, max-image-preview:large, max-video-preview:-1\" \/>\n<link rel=\"canonical\" href=\"https:\/\/www.hotel-leman-opera.fr\/en\/rooms-hotel-3-stars-paris\/\" \/>\n<meta property=\"og:locale\" content=\"en_US\" \/>\n<meta property=\"og:type\" content=\"article\" \/>\n<meta property=\"og:title\" content=\"R\u00e9servation h\u00f4tel de charme - Chambres 3*** | H\u00f4tel L\u00e9man Op\u00e9ra\" \/>\n<meta property=\"og:description\" content=\"D\u00e9couvrez les Chambres doubles &amp; Twin, Standard et Sup\u00e9rieure de l&#039;H\u00f4tel L\u00e9man Op\u00e9ra \u00e0 Paris. Id\u00e9ales seul ou \u00e0 2, pour les loisirs ou un s\u00e9jour professionnel\" \/>\n<meta property=\"og:url\" content=\"https:\/\/www.hotel-leman-opera.fr\/en\/rooms-hotel-3-stars-paris\/\" \/>\n<meta property=\"og:site_name\" content=\"H\u00f4tel L\u00e9man Paris\" \/>\n<meta property=\"article:modified_time\" content=\"2024-04-10T12:46:08+00:00\" \/>\n<meta name=\"twitter:card\" content=\"summary_large_image\" \/>\n<meta name=\"twitter:label1\" content=\"Est. reading time\" \/>\n\t<meta name=\"twitter:data1\" content=\"1 minute\" \/>\n<script type=\"application\/ld+json\" class=\"yoast-schema-graph\">{\"@context\":\"https:\/\/schema.org\",\"@graph\":[{\"@type\":\"WebPage\",\"@id\":\"https:\/\/www.hotel-leman-opera.fr\/en\/rooms-hotel-3-stars-paris\/\",\"url\":\"https:\/\/www.hotel-leman-opera.fr\/en\/rooms-hotel-3-stars-paris\/\",\"name\":\"R\u00e9servation h\u00f4tel de charme - Chambres 3*** | H\u00f4tel L\u00e9man Op\u00e9ra\",\"isPartOf\":{\"@id\":\"https:\/\/www.hotel-leman-opera.fr\/en\/#website\"},\"datePublished\":\"2024-02-26T16:38:01+00:00\",\"dateModified\":\"2024-04-10T12:46:08+00:00\",\"description\":\"D\u00e9couvrez les Chambres doubles & Twin, Standard et Sup\u00e9rieure de l'H\u00f4tel L\u00e9man Op\u00e9ra \u00e0 Paris. Id\u00e9ales seul ou \u00e0 2, pour les loisirs ou un s\u00e9jour professionnel\",\"breadcrumb\":{\"@id\":\"https:\/\/www.hotel-leman-opera.fr\/en\/rooms-hotel-3-stars-paris\/#breadcrumb\"},\"inLanguage\":\"en-US\",\"potentialAction\":[{\"@type\":\"ReadAction\",\"target\":[\"https:\/\/www.hotel-leman-opera.fr\/en\/rooms-hotel-3-stars-paris\/\"]}]},{\"@type\":\"BreadcrumbList\",\"@id\":\"https:\/\/www.hotel-leman-opera.fr\/en\/rooms-hotel-3-stars-paris\/#breadcrumb\",\"itemListElement\":[{\"@type\":\"ListItem\",\"position\":1,\"name\":\"Accueil\",\"item\":\"https:\/\/www.hotel-leman-opera.fr\/en\/\"},{\"@type\":\"ListItem\",\"position\":2,\"name\":\"Rooms\"}]},{\"@type\":\"WebSite\",\"@id\":\"https:\/\/www.hotel-leman-opera.fr\/en\/#website\",\"url\":\"https:\/\/www.hotel-leman-opera.fr\/en\/\",\"name\":\"H\u00f4tel L\u00e9man Paris\",\"description\":\"\",\"potentialAction\":[{\"@type\":\"SearchAction\",\"target\":{\"@type\":\"EntryPoint\",\"urlTemplate\":\"https:\/\/www.hotel-leman-opera.fr\/en\/?s={search_term_string}\"},\"query-input\":\"required name=search_term_string\"}],\"inLanguage\":\"en-US\"}]}<\/script>\n<!-- \/ Yoast SEO plugin. -->","yoast_head_json":{"title":"R\u00e9servation h\u00f4tel de charme - Chambres 3*** | H\u00f4tel L\u00e9man Op\u00e9ra","description":"D\u00e9couvrez les Chambres doubles & Twin, Standard et Sup\u00e9rieure de l'H\u00f4tel L\u00e9man Op\u00e9ra \u00e0 Paris. Id\u00e9ales seul ou \u00e0 2, pour les loisirs ou un s\u00e9jour professionnel","robots":{"index":"index","follow":"follow","max-snippet":"max-snippet:-1","max-image-preview":"max-image-preview:large","max-video-preview":"max-video-preview:-1"},"canonical":"https:\/\/www.hotel-leman-opera.fr\/en\/rooms-hotel-3-stars-paris\/","og_locale":"en_US","og_type":"article","og_title":"R\u00e9servation h\u00f4tel de charme - Chambres 3*** | H\u00f4tel L\u00e9man Op\u00e9ra","og_description":"D\u00e9couvrez les Chambres doubles & Twin, Standard et Sup\u00e9rieure de l'H\u00f4tel L\u00e9man Op\u00e9ra \u00e0 Paris. Id\u00e9ales seul ou \u00e0 2, pour les loisirs ou un s\u00e9jour professionnel","og_url":"https:\/\/www.hotel-leman-opera.fr\/en\/rooms-hotel-3-stars-paris\/","og_site_name":"H\u00f4tel L\u00e9man Paris","article_modified_time":"2024-04-10T12:46:08+00:00","twitter_card":"summary_large_image","twitter_misc":{"Est. reading time":"1 minute"},"schema":{"@context":"https:\/\/schema.org","@graph":[{"@type":"WebPage","@id":"https:\/\/www.hotel-leman-opera.fr\/en\/rooms-hotel-3-stars-paris\/","url":"https:\/\/www.hotel-leman-opera.fr\/en\/rooms-hotel-3-stars-paris\/","name":"R\u00e9servation h\u00f4tel de charme - Chambres 3*** | H\u00f4tel L\u00e9man Op\u00e9ra","isPartOf":{"@id":"https:\/\/www.hotel-leman-opera.fr\/en\/#website"},"datePublished":"2024-02-26T16:38:01+00:00","dateModified":"2024-04-10T12:46:08+00:00","description":"D\u00e9couvrez les Chambres doubles & Twin, Standard et Sup\u00e9rieure de l'H\u00f4tel L\u00e9man Op\u00e9ra \u00e0 Paris. Id\u00e9ales seul ou \u00e0 2, pour les loisirs ou un s\u00e9jour professionnel","breadcrumb":{"@id":"https:\/\/www.hotel-leman-opera.fr\/en\/rooms-hotel-3-stars-paris\/#breadcrumb"},"inLanguage":"en-US","potentialAction":[{"@type":"ReadAction","target":["https:\/\/www.hotel-leman-opera.fr\/en\/rooms-hotel-3-stars-paris\/"]}]},{"@type":"BreadcrumbList","@id":"https:\/\/www.hotel-leman-opera.fr\/en\/rooms-hotel-3-stars-paris\/#breadcrumb","itemListElement":[{"@type":"ListItem","position":1,"name":"Accueil","item":"https:\/\/www.hotel-leman-opera.fr\/en\/"},{"@type":"ListItem","position":2,"name":"Rooms"}]},{"@type":"WebSite","@id":"https:\/\/www.hotel-leman-opera.fr\/en\/#website","url":"https:\/\/www.hotel-leman-opera.fr\/en\/","name":"H\u00f4tel L\u00e9man Paris","description":"","potentialAction":[{"@type":"SearchAction","target":{"@type":"EntryPoint","urlTemplate":"https:\/\/www.hotel-leman-opera.fr\/en\/?s={search_term_string}"},"query-input":"required name=search_term_string"}],"inLanguage":"en-US"}]}},"acf":[],"_links":{"self":[{"href":"https:\/\/www.hotel-leman-opera.fr\/en\/wp-json\/wp\/v2\/pages\/189"}],"collection":[{"href":"https:\/\/www.hotel-leman-opera.fr\/en\/wp-json\/wp\/v2\/pages"}],"about":[{"href":"https:\/\/www.hotel-leman-opera.fr\/en\/wp-json\/wp\/v2\/types\/page"}],"author":[{"embeddable":true,"href":"https:\/\/www.hotel-leman-opera.fr\/en\/wp-json\/wp\/v2\/users\/25"}],"replies":[{"embeddable":true,"href":"https:\/\/www.hotel-leman-opera.fr\/en\/wp-json\/wp\/v2\/comments?post=189"}],"version-history":[{"count":0,"href":"https:\/\/www.hotel-leman-opera.fr\/en\/wp-json\/wp\/v2\/pages\/189\/revisions"}],"wp:attachment":[{"href":"https:\/\/www.hotel-leman-opera.fr\/en\/wp-json\/wp\/v2\/media?parent=189"}],"curies":[{"name":"wp","href":"https:\/\/api.w.org\/{rel}","templated":true}]}}